{"id":1057,"date":"2026-01-14T14:10:38","date_gmt":"2026-01-14T14:10:38","guid":{"rendered":"https:\/\/sauguskodas.lt\/?page_id=1057"},"modified":"2026-01-30T20:58:12","modified_gmt":"2026-01-30T20:58:12","slug":"computer-hacking-forensic-investigator-chfi","status":"publish","type":"page","link":"https:\/\/sauguskodas.lt\/lt\/computer-hacking-forensic-investigator-chfi\/","title":{"rendered":"Computer Hacking Forensic Investigator (CHFI)"},"content":{"rendered":"<div class=\"wp-block-greenshift-blocks-row gspb_row gspb_row-id-gsbp-8cad913 gspb_row--gutter-custom-0\" id=\"gspb_row-id-gsbp-8cad913\"><div class=\"gspb_row__content\"> \n<div class=\"wp-block-greenshift-blocks-row-column gspb_row__col--9 gspb_row__col--md-12 gspb_col-id-gsbp-6a3bc96\" id=\"gspb_col-id-gsbp-6a3bc96\">\n\n\n<h1 id=\"gspb_heading-id-gsbp-d302bf1\" class=\"gspb_heading gspb_heading-id-gsbp-d302bf1\">Computer Hacking Forensic Investigator (CHFI)<\/h1>\n<\/div>\n\n\n\n<div class=\"wp-block-greenshift-blocks-row-column gspb_row__col--3 gspb_row__col--md-12 gspb_col-id-gsbp-ae00069\" id=\"gspb_col-id-gsbp-ae00069\">\n<figure class=\"wp-block-image size-large\"><img loading=\"lazy\" decoding=\"async\" width=\"1024\" height=\"1024\" src=\"https:\/\/sauguskodas.lt\/wp-content\/uploads\/2026\/01\/CHFI-1024x1024.png\" alt=\"\" class=\"wp-image-1119\" srcset=\"https:\/\/sauguskodas.lt\/wp-content\/uploads\/2026\/01\/CHFI-1024x1024.png 1024w, https:\/\/sauguskodas.lt\/wp-content\/uploads\/2026\/01\/CHFI-300x300.png 300w, https:\/\/sauguskodas.lt\/wp-content\/uploads\/2026\/01\/CHFI-150x150.png 150w, https:\/\/sauguskodas.lt\/wp-content\/uploads\/2026\/01\/CHFI-768x768.png 768w, https:\/\/sauguskodas.lt\/wp-content\/uploads\/2026\/01\/CHFI-1536x1536.png 1536w, https:\/\/sauguskodas.lt\/wp-content\/uploads\/2026\/01\/CHFI-2048x2048.png 2048w, https:\/\/sauguskodas.lt\/wp-content\/uploads\/2026\/01\/CHFI-12x12.png 12w\" sizes=\"auto, (max-width: 1024px) 100vw, 1024px\" \/><\/figure>\n<\/div>\n <\/div><\/div>\n\n\n\n<div class=\"wp-block-greenshift-blocks-row gspb_row gspb_row-id-gsbp-cac37db\" id=\"gspb_row-id-gsbp-cac37db\"><div class=\"gspb_row__content\"> \n<div class=\"wp-block-greenshift-blocks-row-column gspb_row__col--12 gspb_col-id-gsbp-df5e025\" id=\"gspb_col-id-gsbp-df5e025\">\n<div id=\"gspb_text-id-gsbp-e1466bf\" class=\"gspb_text gspb_text-id-gsbp-e1466bf\">\u0160i <strong><a href=\"https:\/\/www.eccouncil.org\/train-certify\/computer-hacking-forensic-investigator-chfi\/\" target=\"_blank\" rel=\"noreferrer noopener\">Certified Hacking Forensic Investigator (CHFI)<\/a><\/strong> kurso metu specialistai mokomi tirti kibernetinius nusikaltimus, rinkti ir analizuoti skaitmeninius \u012frodymus bei rengti teisme priimtinas teismo ekspertiz\u0117s ataskaitas. Programa apjungia teorij\u0105, metodologijas ir praktinius darbus, kad pad\u0117t\u0173 besimokantiesiems \u012fgyti \u012fg\u016bd\u017ei\u0173, reikaling\u0173 pasl\u0117ptiems skaitmeniniams \u012frodymams atskleisti \u012fmon\u0117se ir debesijos aplinkoje.<br><\/div>\n\n\n\n<div class=\"wp-block-gutena-tabs gutena-tabs-block gutena-tabs-block-8fc13c-b5\"><ul class=\"gutena-tabs-tab tab-flex\"><li class=\"gutena-tab-title active\" data-tab=\"1\"><div class=\"gutena-tab-title-content icon-top\"><div class=\"gutena-tab-title-text\"><div>Mokymai<\/div><\/div><\/div><\/li><li class=\"gutena-tab-title inactive\" data-tab=\"2\"><div class=\"gutena-tab-title-content icon-top\"><div class=\"gutena-tab-title-text\"><div>Mokymo temos<\/div><\/div><\/div><\/li><li class=\"gutena-tab-title inactive\" data-tab=\"3\"><div class=\"gutena-tab-title-content icon-top\"><div class=\"gutena-tab-title-text\"><div>Karjera<\/div><\/div><\/div><\/li><li class=\"gutena-tab-title inactive\" data-tab=\"4\"><div class=\"gutena-tab-title-content icon-top\"><div class=\"gutena-tab-title-text\"><div>Egzaminas<\/div><\/div><\/div><\/li><\/ul><div class=\"gutena-tabs-content is-layout-flow wp-block-gutena-tabs-is-layout-flow\">\n<div class=\"wp-block-gutena-tab gutena-tab-block gutena-tab-block-564d0f-e2 active\" data-tab=\"1\">\n<div id=\"gspb_text-id-gsbp-adcfcae\" class=\"gspb_text gspb_text-id-gsbp-adcfcae\"><strong>Mokym\u0173 formatas<\/strong><br>Mokymai galimi <strong>nuotoliniu b\u016bdu<\/strong> arba <strong>gyvai su instruktoriumi<\/strong>, suteikiant besimokantiesiems lankstumo pasirinkti format\u0105, atitinkant\u012f j\u0173 tvarkara\u0161t\u012f ir mokymosi stili\u0173.<br><br><strong>Mokym\u0173 trukm\u0117<\/strong><br>40 valand\u0173 (vedama instruktoriaus)<br><br><strong>\u012egyjami \u012fg\u016bd\u017eiai<\/strong><br>Skaitmenini\u0173 \u012frodym\u0173 rinkimas ir i\u0161saugojimas<br>Kibernetini\u0173 atak\u0173 ir saugumo pa\u017eeidim\u0173 analiz\u0117<br>Fail\u0173 sistem\u0173, atminties ir tinklo teismo ekspertiz\u0117<br>Incident\u0173 dokumentavimas ir ataskait\u0173 teikimas<br>Teisiniai ir etiniai kibernetini\u0173 tyrim\u0173 aspektai<\/div>\n<\/div>\n\n\n\n<div class=\"wp-block-gutena-tab gutena-tab-block gutena-tab-block-e9d92a-71 inactive\" data-tab=\"2\">\n<p style=\"margin-top:0;margin-bottom:0\"><strong>Module 01: Computer Forensics in Today\u2019s World<\/strong><br>Supa\u017eindinama su kompiuterin\u0117s teismo ekspertiz\u0117s pagrindais, teismo ekspert\u0173 vaidmeniu, kibernetini\u0173 nusikaltim\u0173 tendencijomis, skaitmenini\u0173 \u012frodym\u0173 r\u016b\u0161imis ir teisin\u0117s atitikties reikalavimais.<br><br><strong>Module 02: Computer Forensics Investigation Process<\/strong><br>Apima teismo ekspertiz\u0117s tyrimo gyvavimo cikl\u0105: skaitmenini\u0173 \u012frodym\u0173 identifikavim\u0105, i\u0161saugojim\u0105, rinkim\u0105, tyrim\u0105, analiz\u0119 ir ataskait\u0173 teikim\u0105.<br><br><strong>Module 03: Understanding Hard Disks and File Systems<\/strong><br>Paai\u0161kina laikmenas ir fail\u0173 sistemas, \u012fskaitant duomen\u0173 strukt\u016bras ir artefaktus, kurie yra svarb\u016bs teismo ekspertiz\u0117s analizei.<br><br><strong>Module 04: Data Acquisition and Duplication<\/strong><br>I\u0161samiai apra\u0161omi skaitmenini\u0173 \u012frodym\u0173 gavimo ir kopijavimo metodai, naudojant teismo ekspertiz\u0117s po\u017ei\u016briu patikimas priemones, u\u017etikrinant vientisum\u0105 ir laikymo grandin\u0119.<br><br><strong>Module 05: Defeating Anti\u2011Forensics Techniques<\/strong><br>Mokoma, kaip u\u017epuolikai naudoja \u012frodym\u0173 sl\u0117pimo metodus, tokius kaip \u0161ifravimas, duomen\u0173 maskavimas ir valymas, ir kaip tyr\u0117jai aptinka bei kovoja su \u0161ia taktika.<br><br><strong>Module 06: Windows Forensics<\/strong><br>D\u0117mesys sutelkiamas \u012f \u201eWindows\u201c sistem\u0173 teismo ekspertiz\u0119, \u012fskaitant registro, \u012fvyki\u0173 \u017eurnalus, \u201eShellBags\u201c, i\u0161ankstin\u012f \u012fk\u0117lim\u0105 ir kitus artefaktus, atskleid\u017eian\u010dius sistemos aktyvum\u0105.<br><br><strong>Module 07: Linux and Mac Forensics<\/strong><br>Apima \u201eLinux\u201c ir \u201emacOS\u201c sistem\u0173 teismo ekspertiz\u0119, \u012fskaitant fail\u0173 sistemas, \u017eurnalus, komand\u0173 istorij\u0105 ir sistemos artefaktus.<br><br><strong>Module 08: Network Forensics<\/strong><br>Nagrin\u0117jamas tinklo srauto fiksavimas, i\u0161saugojimas ir analiz\u0117, siekiant aptikti \u012fsilau\u017eimus, atkurti \u012fvykius ir nustatyti kenk\u0117ji\u0161k\u0105 veikl\u0105.<br><br><strong>Module 09: Malware Forensics<\/strong><br>Moko aptikti, analizuoti ir klasifikuoti kenk\u0117ji\u0161kas programas, suprasti u\u017ekr\u0117timo modelius ir i\u0161gauti \u012frodymus i\u0161 pa\u017eeist\u0173 sistem\u0173.<br><br><strong>Module 10: Investigating Web Attacks<\/strong><br>Apima teismo ekspertiz\u0117s metodus, skirtus tirti atakas, nukreiptas prie\u0161 \u017einiatinklio serverius ir programas, \u012fskaitant \u017eurnal\u0173 analiz\u0119 ir pa\u017eeid\u017eiamum\u0173 vertinim\u0105.<br><br><strong>Module 11: Dark Web Forensics<\/strong><br>Pristatomi metodai, skirti analizuoti veikl\u0105 tamsiajame \u017einiatinklyje, \u012fskaitant \u201eTor\u201c pagrindu veikian\u010dio srauto, pasl\u0117pt\u0173 paslaug\u0173 ir skaitmenini\u0173 p\u0117dsak\u0173 sekim\u0105.<br><br><strong>Module 12: Cloud Forensics<\/strong><br>Apima teismo ekspertiz\u0117s tyrimo metodus debesijos aplinkose, \u012fskaitant \u012frodym\u0173 gavim\u0105 i\u0161 AWS, \u201eAzure\u201c ir \u201eGoogle Cloud Platform\u201c.<br><br><strong>Module 13: Database Forensics<\/strong><br>Nagrin\u0117ja teismo ekspertiz\u0117s \u012frodym\u0173 i\u0161gavim\u0105 ir analiz\u0119 i\u0161 duomen\u0173 bazi\u0173 sistem\u0173, \u012fskaitant operacij\u0173 \u017eurnalus, SQL u\u017eklausas ir privilegij\u0173 naudojim\u0105.<br><br><strong>Module 14: Email and Social Media Forensics<\/strong><br>I\u0161samiai apra\u0161omos el. pa\u0161to paskyr\u0173, prane\u0161im\u0173 platform\u0173 ir socialin\u0117s \u017einiasklaidos tyrimo proced\u016bros, \u012fskaitant antra\u0161tes, metaduomenis ir \u012frodym\u0173 i\u0161saugojim\u0105.<br><br><strong>Module 15: Mobile Forensics<\/strong><br>Moko i\u0161gauti ir analizuoti duomenis i\u0161 mobili\u0173j\u0173 \u012frengini\u0173, \u012fskaitant skambu\u010di\u0173 \u017eurnalus, prane\u0161imus, programas ir \u012frenginiui b\u016bdingus artefaktus, skirtus \u201eAndroid\u201c ir \u201eiOS\u201c.<br><br><strong>Module 16: IoT Forensics<\/strong><br>Nagrin\u0117ja teismo ekspertiz\u0117s tyrimo metodus, skirtus daikt\u0173 interneto \u012frenginiams, \u012fskaitant i\u0161maniuosius jutiklius.<\/p>\n<\/div>\n\n\n\n<div class=\"wp-block-gutena-tab gutena-tab-block gutena-tab-block-e14687-20 inactive\" data-tab=\"3\">\n<div id=\"gspb_text-id-gsbp-38780e3\" class=\"gspb_text gspb_text-id-gsbp-38780e3\"><strong>Skaitmenin\u0117s kriminalistikos analitikas (Forensic Analyst)<\/strong><br>Nagrin\u0117ja skaitmeninius \u012frodymus, analizuoja kibernetinius incidentus ir rengia tyrim\u0173 ataskaitas.<br><br><strong>Incident\u0173 reagavimo analitikas (Incident Response Analyst)<\/strong><br>Reaguoja \u012f saugumo pa\u017eeidimus ir juos tiria, siekdamas suvaldyti gr\u0117smes ir pa\u0161alinti j\u0173 padarinius.<br><br><strong>Kibernetini\u0173 nusikaltim\u0173 tyr\u0117jas (Cybercrime Investigator)<\/strong><br>Bendradarbiauja su teis\u0117sauga ir organizacijomis, tirdamas \u012fsilau\u017eimo ir kitus kibernetinius incidentus.<br><br><strong>SOC analitikas (SOC Analyst)<\/strong><br>Taiko skaitmenin\u0117s kriminalistikos metodus saugumo operacijoms palaikyti ir gr\u0117sm\u0117ms aptikti.<br><br><strong>Informacijos saugumo analitikas (Information Security Analyst)<\/strong><br>Diegia skaitmenin\u0117s kriminalistikos metodus, siekdamas stiprinti saugumo politik\u0105 ir incident\u0173 tyrimus.<br><br><strong>Skaitmenin\u0117s kriminalistikos konsultantas (Digital Forensics Consultant)<\/strong><br>Teikia ekspertin\u0119 analiz\u0119 ir konsultacijas sud\u0117tingose kibernetini\u0173 nusikaltim\u0173 bylose.<\/div>\n<\/div>\n\n\n\n<div class=\"wp-block-gutena-tab gutena-tab-block gutena-tab-block-265bd0-c3 inactive\" data-tab=\"4\">\n<div id=\"gspb_text-id-gsbp-4883c85\" class=\"gspb_text gspb_text-id-gsbp-4883c85\"><strong>Egzamino formatas<\/strong><br>Pateikiamas klausimas ir keli galimi atsakymo variantai.<br><br><strong>Klausim\u0173 kiekis<\/strong><br>150<br><br><strong>Trukm\u0117<\/strong><br>4 valandos<br><br><strong>Egzaminas vykdomas<\/strong><br>Nuotoliu per ECC portal\u0105<br><br><strong>I\u0161laikymo balas<\/strong><br>70% arba daugiau<\/div>\n<\/div>\n<\/div><\/div>\n\n\n\n<div class=\"gspb_button_wrapper gspb_button-id-gsbp-dc2dd20\" id=\"gspb_button-id-gsbp-dc2dd20\"><a class=\"wp-block-greenshift-blocks-buttonbox gspb-buttonbox wp-element-button\" href=\"https:\/\/sauguskodas.lt\/lt\/contact\/\" rel=\"noopener\"><span class=\"gspb-buttonbox-textwrap\"><span class=\"gspb-buttonbox-text\"><span class=\"gspb-buttonbox-title\">Become a Forensics Investigator<\/span><\/span><span class=\"gspb-buttonbox-icon\"><svg xmlns=\"http:\/\/www.w3.org\/2000\/svg\" style=\"width:5rem;height:5rem;margin:10px\" viewbox=\"0 0 24 24\"><path fill-rule=\"evenodd\" d=\"M24 0v22.78h-2.87V4.9L2.03 24 0 21.97l19.1-19.1H1.26V0H24Z\"><\/path><\/svg><\/span><\/span><\/a><\/div>\n<\/div>\n <\/div><\/div>","protected":false},"excerpt":{"rendered":"","protected":false},"author":1,"featured_media":0,"parent":0,"menu_order":0,"comment_status":"closed","ping_status":"closed","template":"","meta":{"_gspb_post_css":"#gspb_row-id-gsbp-8cad913{justify-content:space-between;margin-top:0;display:flex;flex-wrap:wrap;margin-bottom:0;padding:0 80px}#gspb_row-id-gsbp-8cad913>.gspb_row__content{display:flex;justify-content:space-between;margin:0 auto;width:100%;flex-wrap:wrap}.gspb_row{position:relative}div[id^=gspb_col-id]{box-sizing:border-box;position:relative;padding:var(--gs-row-column-padding, 15px min(3vw, 20px))}@media (max-width:991.98px){#gspb_row-id-gsbp-8cad913>.gspb_row__content{row-gap:30px}}@media (max-width:991.98px){#gspb_row-id-gsbp-8cad913{margin-bottom:24px;padding-right:50px;padding-left:50px}}@media (max-width:575.98px){#gspb_row-id-gsbp-8cad913{margin-bottom:32px;padding-right:35px;padding-left:35px}}#gspb_row-id-gsbp-8cad913{min-height:300px}@media (max-width:575.98px){#gspb_row-id-gsbp-8cad913{min-height:100px}}#gspb_row-id-gsbp-8cad913{box-shadow:0 2px 4px 0 rgba(0,0,0,.07);background-color:var(--wp--preset--color--palette-color-7, var(--theme-palette-color-7, #F7FAFD))}#gspb_row-id-gsbp-8cad913,#gspb_row-id-gsbp-8cad913>.gspb_backgroundOverlay{border-top-left-radius:20px;border-top-right-radius:20px;border-bottom-right-radius:20px;border-bottom-left-radius:20px}#gspb_col-id-gsbp-6a3bc96.gspb_row__col--9{width:calc(75% - 5px)}@media (max-width:991.98px){#gspb_col-id-gsbp-6a3bc96.gspb_row__col--9{width:100%}}@media (max-width:767.98px){#gspb_col-id-gsbp-6a3bc96.gspb_row__col--9{width:calc(100% - 5px)}}@media (max-width:575.98px){#gspb_col-id-gsbp-6a3bc96.gspb_row__col--9{width:100%}}.gspb_row #gspb_col-id-gsbp-6a3bc96.gspb_row__col--9{margin-top:0;margin-right:0;margin-left:0;padding:70px 0}@media (max-width:991.98px){.gspb_row #gspb_col-id-gsbp-6a3bc96.gspb_row__col--9{padding-top:50px;padding-bottom:0}}@media (max-width:575.98px){.gspb_row #gspb_col-id-gsbp-6a3bc96.gspb_row__col--9{padding-bottom:0}}body #gspb_col-id-gsbp-6a3bc96.gspb_row__col--9{display:flex;flex-direction:column;justify-content:center}@media (max-width:991.98px){body #gspb_col-id-gsbp-6a3bc96.gspb_row__col--9{align-items:center}#gspb_heading-id-gsbp-d302bf1,#gspb_heading-id-gsbp-d302bf1 .gsap-g-line{text-align:center!important}}#gspb_heading-id-gsbp-d302bf1{margin-top:0;margin-bottom:0}@media (max-width:991.98px){#gspb_heading-id-gsbp-d302bf1{margin-bottom:42px}}@media (max-width:575.98px){#gspb_heading-id-gsbp-d302bf1{margin-bottom:40px}}#gspb_col-id-gsbp-ae00069.gspb_row__col--3{width:calc(25% - 25px)}@media (max-width:991.98px){#gspb_col-id-gsbp-ae00069.gspb_row__col--3{width:100%}}@media (max-width:767.98px){#gspb_col-id-gsbp-ae00069.gspb_row__col--3{width:calc(100% - 25px)}}@media (max-width:575.98px){#gspb_col-id-gsbp-ae00069.gspb_row__col--3{width:100%}}.gspb_row #gspb_col-id-gsbp-ae00069.gspb_row__col--3{padding:0}#gspb_col-id-gsbp-ae00069.gspb_row__col--3{transition:all .5s cubic-bezier(.42,0,.58,1);transform:translateY(0);transform-origin:center center}body #gspb_col-id-gsbp-ae00069.gspb_row__col--3{display:flex;flex-direction:column;justify-content:flex-end;align-items:center}#gspb_row-id-gsbp-cac37db{justify-content:space-between;margin-bottom:0;display:flex;flex-wrap:wrap;margin-top:80px}#gspb_row-id-gsbp-cac37db>.gspb_row__content{display:flex;justify-content:space-between;margin:0 auto;width:100%;flex-wrap:wrap}body.gspb-bodyfront #gspb_row-id-gsbp-8cad913>.gspb_row__content,body.gspb-bodyfront #gspb_row-id-gsbp-cac37db>.gspb_row__content{width:var(--theme-container-width, 1200px);max-width:var(--theme-normal-container-max-width, 1200px)}@media (max-width:575.98px){#gspb_row-id-gsbp-cac37db{margin-top:20px}}#gspb_col-id-gsbp-df5e025.gspb_row__col--12{width:100%}@media (max-width:575.98px){#gspb_col-id-gsbp-df5e025.gspb_row__col--12{width:100%}}.gspb_row #gspb_col-id-gsbp-df5e025.gspb_row__col--12{padding-right:0;padding-left:0}.gspb_text-id-gsbp-e1466bf{font-size:18px}@media (max-width:575.98px){.gspb_text-id-gsbp-e1466bf{font-size:16px}}.gspb_text-id-gsbp-e1466bf{margin-bottom:15px!important}@media (max-width:991.98px){.gspb_text-id-gsbp-e1466bf{margin-top:0!important}}@media (max-width:575.98px){.gspb_text-id-gsbp-e1466bf{margin-right:0!important;margin-left:0!important}}.gspb_text-id-gsbp-4883c85{margin-bottom:0!important}#gspb_button-id-gsbp-dc2dd20{display:flex;justify-content:flex-start}#gspb_button-id-gsbp-dc2dd20 .gspb-buttonbox-text{display:flex;flex-direction:column}#gspb_button-id-gsbp-dc2dd20>.gspb-buttonbox{box-sizing:border-box}#gspb_button-id-gsbp-dc2dd20>.gspb-buttonbox>.gspb-buttonbox-textwrap>.gspb-buttonbox-icon{display:flex}#gspb_button-id-gsbp-dc2dd20>.gspb-buttonbox .gspb-buttonbox-icon svg{height:13px!important;width:13px!important;min-width:13px!important;fill:currentColor!important;margin:0!important}#gspb_button-id-gsbp-dc2dd20>.gspb-buttonbox .gspb-buttonbox-icon svg path{fill:currentColor!important}#gspb_button-id-gsbp-dc2dd20>.gspb-buttonbox>.gspb-buttonbox-textwrap{display:flex;flex-direction:row;align-items:center}#gspb_button-id-gsbp-dc2dd20 .gspb-buttonbox-icon{margin-left:13px}#gspb_button-id-gsbp-dc2dd20>.gspb-buttonbox{margin-top:40px;margin-bottom:40px}@media (max-width:575.98px){#gspb_button-id-gsbp-dc2dd20>.gspb-buttonbox{margin-top:44px}}","footnotes":""},"class_list":["post-1057","page","type-page","status-publish","hentry"],"blocksy_meta":{"has_hero_section":"disabled","styles_descriptor":{"styles":{"desktop":"","tablet":"","mobile":""},"google_fonts":[],"version":6},"vertical_spacing_source":"custom","content_area_spacing":"bottom"},"_links":{"self":[{"href":"https:\/\/sauguskodas.lt\/lt\/wp-json\/wp\/v2\/pages\/1057","targetHints":{"allow":["GET"]}}],"collection":[{"href":"https:\/\/sauguskodas.lt\/lt\/wp-json\/wp\/v2\/pages"}],"about":[{"href":"https:\/\/sauguskodas.lt\/lt\/wp-json\/wp\/v2\/types\/page"}],"author":[{"embeddable":true,"href":"https:\/\/sauguskodas.lt\/lt\/wp-json\/wp\/v2\/users\/1"}],"replies":[{"embeddable":true,"href":"https:\/\/sauguskodas.lt\/lt\/wp-json\/wp\/v2\/comments?post=1057"}],"version-history":[{"count":15,"href":"https:\/\/sauguskodas.lt\/lt\/wp-json\/wp\/v2\/pages\/1057\/revisions"}],"predecessor-version":[{"id":1220,"href":"https:\/\/sauguskodas.lt\/lt\/wp-json\/wp\/v2\/pages\/1057\/revisions\/1220"}],"wp:attachment":[{"href":"https:\/\/sauguskodas.lt\/lt\/wp-json\/wp\/v2\/media?parent=1057"}],"curies":[{"name":"wp","href":"https:\/\/api.w.org\/{rel}","templated":true}]}}