{"id":1061,"date":"2026-01-14T14:14:23","date_gmt":"2026-01-14T14:14:23","guid":{"rendered":"https:\/\/sauguskodas.lt\/?page_id=1061"},"modified":"2026-01-30T21:09:35","modified_gmt":"2026-01-30T21:09:35","slug":"ec-council-certified-incident-handler-ecih","status":"publish","type":"page","link":"https:\/\/sauguskodas.lt\/lt\/ec-council-certified-incident-handler-ecih\/","title":{"rendered":"EC-Council Certified Incident Handler (ECIH)"},"content":{"rendered":"<div class=\"wp-block-greenshift-blocks-row gspb_row gspb_row-id-gsbp-8cad913 gspb_row--gutter-custom-0\" id=\"gspb_row-id-gsbp-8cad913\"><div class=\"gspb_row__content\"> \n<div class=\"wp-block-greenshift-blocks-row-column gspb_row__col--9 gspb_row__col--md-12 gspb_col-id-gsbp-6a3bc96\" id=\"gspb_col-id-gsbp-6a3bc96\">\n\n\n<h1 id=\"gspb_heading-id-gsbp-d302bf1\" class=\"gspb_heading gspb_heading-id-gsbp-d302bf1\">EC-Council Certified Incident Handler (ECIH)<\/h1>\n<\/div>\n\n\n\n<div class=\"wp-block-greenshift-blocks-row-column gspb_row__col--3 gspb_row__col--md-12 gspb_col-id-gsbp-ae00069\" id=\"gspb_col-id-gsbp-ae00069\">\n<figure class=\"wp-block-image size-large\"><img loading=\"lazy\" decoding=\"async\" width=\"1024\" height=\"1024\" src=\"https:\/\/sauguskodas.lt\/wp-content\/uploads\/2026\/01\/ECIH-1024x1024.png\" alt=\"\" class=\"wp-image-1112\" srcset=\"https:\/\/sauguskodas.lt\/wp-content\/uploads\/2026\/01\/ECIH-1024x1024.png 1024w, https:\/\/sauguskodas.lt\/wp-content\/uploads\/2026\/01\/ECIH-300x300.png 300w, https:\/\/sauguskodas.lt\/wp-content\/uploads\/2026\/01\/ECIH-150x150.png 150w, https:\/\/sauguskodas.lt\/wp-content\/uploads\/2026\/01\/ECIH-768x768.png 768w, https:\/\/sauguskodas.lt\/wp-content\/uploads\/2026\/01\/ECIH-1536x1536.png 1536w, https:\/\/sauguskodas.lt\/wp-content\/uploads\/2026\/01\/ECIH-2048x2048.png 2048w, https:\/\/sauguskodas.lt\/wp-content\/uploads\/2026\/01\/ECIH-12x12.png 12w\" sizes=\"auto, (max-width: 1024px) 100vw, 1024px\" \/><\/figure>\n<\/div>\n <\/div><\/div>\n\n\n\n<div class=\"wp-block-greenshift-blocks-row gspb_row gspb_row-id-gsbp-cac37db\" id=\"gspb_row-id-gsbp-cac37db\"><div class=\"gspb_row__content\"> \n<div class=\"wp-block-greenshift-blocks-row-column gspb_row__col--12 gspb_col-id-gsbp-df5e025\" id=\"gspb_col-id-gsbp-df5e025\">\n<div id=\"gspb_text-id-gsbp-e1466bf\" class=\"gspb_text gspb_text-id-gsbp-e1466bf\">\u0160i <strong><a href=\"https:\/\/www.eccouncil.org\/train-certify\/ec-council-certified-incident-handler-ecih\/\" target=\"_blank\" rel=\"noreferrer noopener\">EC\u2011Council Certified Incident Handler (ECIH)<\/a><\/strong> programa apmoko specialistus strukt\u016brizuoto incident\u0173 valdymo ir reagavimo proceso \u2013 nuo \u200b\u200bpasirengimo ir aptikimo iki izoliavimo, likvidavimo ir atk\u016brimo. \u0160iuose kursuose derinama teorija ir praktin\u0117 praktika, siekiant ugdyti \u012fg\u016bd\u017eius, reikalingus veiksmingai reaguoti \u012f realius saugumo incidentus.<\/div>\n\n\n\n<div class=\"wp-block-gutena-tabs gutena-tabs-block gutena-tabs-block-ca18d1-4f\"><ul class=\"gutena-tabs-tab tab-flex\"><li class=\"gutena-tab-title active\" data-tab=\"1\"><div class=\"gutena-tab-title-content icon-top\"><div class=\"gutena-tab-title-text\"><div>Mokymai<\/div><\/div><\/div><\/li><li class=\"gutena-tab-title inactive\" data-tab=\"2\"><div class=\"gutena-tab-title-content icon-top\"><div class=\"gutena-tab-title-text\"><div>Mokymo temos<\/div><\/div><\/div><\/li><li class=\"gutena-tab-title inactive\" data-tab=\"3\"><div class=\"gutena-tab-title-content icon-top\"><div class=\"gutena-tab-title-text\"><div>Karjera<\/div><\/div><\/div><\/li><li class=\"gutena-tab-title inactive\" data-tab=\"4\"><div class=\"gutena-tab-title-content icon-top\"><div class=\"gutena-tab-title-text\"><div>Egzaminas<\/div><\/div><\/div><\/li><\/ul><div class=\"gutena-tabs-content is-layout-flow wp-block-gutena-tabs-is-layout-flow\">\n<div class=\"wp-block-gutena-tab gutena-tab-block gutena-tab-block-27d8fe-f6 active\" data-tab=\"1\">\n<div id=\"gspb_text-id-gsbp-adcfcae\" class=\"gspb_text gspb_text-id-gsbp-adcfcae\"><strong>Mokym\u0173 formatas<\/strong><br>Mokymai galimi\u00a0<strong>nuotoliniu b\u016bdu<\/strong>\u00a0arba\u00a0<strong>gyvai su instruktoriumi<\/strong>, suteikiant besimokantiesiems lankstumo pasirinkti format\u0105, atitinkant\u012f j\u0173 tvarkara\u0161t\u012f ir mokymosi stili\u0173.<br><br><strong>Mokym\u0173 trukm\u0117<\/strong><br>40 valand\u0173 (vedama instruktoriaus)<br><br><strong>\u012egyjami \u012fg\u016bd\u017eiai<\/strong><br>Incident\u0173 aptikimo, reagavimo ir atk\u016brimo metodai<br>Gr\u0117smi\u0173 ir kenk\u0117ji\u0161k\u0173 program\u0173 analiz\u0117<br>Skaitmenin\u0117 teismo ekspertiz\u0117 ir \u012frodym\u0173 tvarkymas<br>Saugumo operacijos ir steb\u0117sena<br>Rizikos vertinimo ir ma\u017einimo strategijos<br>Incident\u0173 reagavimo plan\u0173 rengimas<\/div>\n<\/div>\n\n\n\n<div class=\"wp-block-gutena-tab gutena-tab-block gutena-tab-block-8f87d8-14 inactive\" data-tab=\"2\">\n<p style=\"margin-top:0;margin-bottom:0\"><strong>Module 01: Introduction to Incident Handling and Response<\/strong><br>Suteikia pagrindines \u017einias apie incident\u0173 valdym\u0105 ir reagavim\u0105 \u012f juos, \u012fskaitant tai, kas yra saugumo incidentas, gr\u0117smi\u0173 ir atak\u0173 tipus, incident\u0173 terminologij\u0105 ir oficiali\u0173 incident\u0173 reagavimo proces\u0173 svarb\u0105 organizacijos saugumui.<br><br><strong>Module 02: Incident Handling and Response Process<\/strong><br>Apima vis\u0105 incident\u0173 valdymo ir reagavimo \u012f juos cikl\u0105, \u012fskaitant pasiruo\u0161im\u0105, registravim\u0105 ir priskyrim\u0105, tria\u017e\u0105 ir prioritet\u0173 nustatym\u0105, prane\u0161im\u0105, izoliavim\u0105, \u012frodym\u0173 rinkim\u0105 ir teismo ekspertiz\u0119, likvidavim\u0105, atk\u016brim\u0105 ir veikl\u0105 po incidento.<br><br><strong>Module 03: Forensic Readiness and First Response<\/strong><br>Moko, kaip pasiruo\u0161ti incidentams teismo ekspertiz\u0117s po\u017ei\u016briu, \u012fskaitant teismo ekspertiz\u0117s pasirengimo u\u017etikrinim\u0105, \u012fvykio vietos apsaug\u0105 ir dokumentavim\u0105, \u012frodym\u0173 rinkim\u0105 ir i\u0161saugojim\u0105 bei tinkamos globos grandin\u0117s u\u017etikrinim\u0105 v\u0117lesnei analizei ir teisiniams procesams.<br><br><strong>Module 04: Handling and Responding to Malware Incidents<\/strong><br>Paai\u0161kina, kaip atpa\u017einti, analizuoti ir valdyti su kenk\u0117ji\u0161ka programine \u012franga susijusius incidentus \u2013 nuo \u200b\u200baptikimo ir izoliavimo iki sunaikinimo ir sistemos atk\u016brimo, \u012fskaitant praktinius kenk\u0117ji\u0161k\u0173 program\u0173 elgsenos analiz\u0117s metodus.<br><br><strong>Module 05: Handling and Responding to Email Security Incidents<\/strong><br>D\u0117mesys skiriamas el. pa\u0161to gr\u0117smi\u0173, toki\u0173 kaip suk\u010diavimas apsimetant, klastojimas, kenk\u0117ji\u0161k\u0173 program\u0173 priedai ir pa\u017eeistos paskyros, aptikimui, analizei ir reagavimui \u012f jas. \u0160iame modulyje taip pat aptariama geriausia izoliavimo ir taisom\u0173j\u0173 veiksm\u0173 praktika.<br><br><strong>Module 06: Handling and Responding to Network Security Incidents<\/strong><br>Padeda besimokantiesiems reaguoti \u012f tinkle kylan\u010dias gr\u0117smes, \u012fskaitant \u012fsilau\u017eimo bandymus, paslaug\u0173 trikdym\u0105, neteis\u0117t\u0105 prieig\u0105 ir horizontali\u0105 jud\u0117jim\u0105 tinkle, apimant aptikimo, izoliavimo ir ma\u017einimo strategijas.<br><br><strong>Module 07: Handling and Responding to Web Application Security Incidents<\/strong><br>Nagrin\u0117jami metodai, skirti nustatyti ir su\u0161velninti su \u017einiatinklio programomis susijusius saugumo incidentus, tokius kaip injekcijos atakos, scenarij\u0173 vykdymas tarp svetaini\u0173, netinkama konfig\u016bracija ir \u017einiatinklio paslaug\u0173 i\u0161naudojimas.<br><br><strong>Module 08: Handling and Responding to Cloud Security Incidents<\/strong><br>Apima incident\u0173 valdymo principus, b\u016bdingus debesijos aplinkai, \u012fskaitant paskyros pa\u017eeidimo aptikim\u0105, reagavim\u0105 \u012f duomen\u0173 saugumo pa\u017eeidimus, netinkamai sukonfig\u016bruotas paslaugas ir koordinavim\u0105 su debesijos paslaug\u0173 teik\u0117jo \u012frankiais bei registravim\u0105 tyrimui ir reagavimui.<br><br><strong>Module 09: Handling and Responding to Insider Threats<\/strong><br>Apra\u0161oma, kaip nustatyti, analizuoti ir reaguoti \u012f gr\u0117smes, kylan\u010dias organizacijos viduje, pavyzd\u017eiui, aplaid\u017ei\u0105 ar kenk\u0117ji\u0161k\u0105 vidini\u0173 asmen\u0173 veikl\u0105, \u012fskaitant steb\u0117sen\u0105, tyrimo metodus ir izoliavimo strategijas.<\/p>\n<\/div>\n\n\n\n<div class=\"wp-block-gutena-tab gutena-tab-block gutena-tab-block-e8685c-62 inactive\" data-tab=\"3\">\n<div id=\"gspb_text-id-gsbp-38780e3\" class=\"gspb_text gspb_text-id-gsbp-38780e3\"><strong>Incident\u0173 reagavimo analitikas (Incident Response Analyst)<\/strong><br>Vadovauja ir prisideda prie reagavimo \u012f saugumo pa\u017eeidimus, \u012fskaitant incident\u0173 suvaldym\u0105, gr\u0117smi\u0173 pa\u0161alinim\u0105 ir sistem\u0173 atk\u016brim\u0105.<br><br><strong>SOC analitikas (Tier 1 \/ Tier 2)<\/strong><br>Stebi saugumo \u012fsp\u0117jimus, atlieka incident\u0173 pirmin\u012f vertinim\u0105 ir eskaluoja saugumo \u012fvykius.<br><br><strong>Kibernetinio saugumo analitikas (Cybersecurity Analyst)<\/strong><br>Identifikuoja gr\u0117smes, analizuoja saugumo \u012fvykius ir diegia prevencines saugumo priemones.<br><br><strong>Saugumo operacij\u0173 specialistas (Security Operations Specialist)<\/strong><br>Padeda vykdyti kasdienes saugumo operacijas.<br><br><strong>IT saugumo konsultantas (IT Security Consultant)<\/strong><br>Konsultuoja organizacijas incident\u0173 valdymo, rizikos ma\u017einimo ir geriausi\u0173 saugumo praktik\u0173 klausimais.<br><br><strong>Raudonosios \/ M\u0117lynosios komandos analitikas (Red Team \/ Blue Team Analyst)<\/strong><br>Dalyvauja saugumo veiklose, siekiant sustiprinti organizacijos gynyb\u0105.<\/div>\n<\/div>\n\n\n\n<div class=\"wp-block-gutena-tab gutena-tab-block gutena-tab-block-f47fbe-8c inactive\" data-tab=\"4\">\n<div id=\"gspb_text-id-gsbp-4883c85\" class=\"gspb_text gspb_text-id-gsbp-4883c85\"><strong>Egzamino formatas<\/strong><br>Pateikiamas klausimas ir keli galimi atsakymo variantai.<br><br><strong>Klausim\u0173 kiekis<\/strong><br>100<br><br><strong>Trukm\u0117<\/strong><br>4 valandos<br><br><strong>Egzaminas vykdomas<\/strong><br>Nuotoliu per ECC portal\u0105<br><br><strong>I\u0161laikymo balas<\/strong><br>70% arba daugiau<\/div>\n<\/div>\n<\/div><\/div>\n\n\n\n<div class=\"gspb_button_wrapper gspb_button-id-gsbp-dc2dd20\" id=\"gspb_button-id-gsbp-dc2dd20\"><a class=\"wp-block-greenshift-blocks-buttonbox gspb-buttonbox wp-element-button\" href=\"https:\/\/sauguskodas.lt\/lt\/contact\/\" rel=\"noopener\"><span class=\"gspb-buttonbox-textwrap\"><span class=\"gspb-buttonbox-text\"><span class=\"gspb-buttonbox-title\">become a incident handler<\/span><\/span><span class=\"gspb-buttonbox-icon\"><svg xmlns=\"http:\/\/www.w3.org\/2000\/svg\" style=\"width:5rem;height:5rem;margin:10px\" viewbox=\"0 0 24 24\"><path fill-rule=\"evenodd\" d=\"M24 0v22.78h-2.87V4.9L2.03 24 0 21.97l19.1-19.1H1.26V0H24Z\"><\/path><\/svg><\/span><\/span><\/a><\/div>\n<\/div>\n <\/div><\/div>","protected":false},"excerpt":{"rendered":"","protected":false},"author":1,"featured_media":0,"parent":0,"menu_order":0,"comment_status":"closed","ping_status":"closed","template":"","meta":{"_gspb_post_css":"#gspb_row-id-gsbp-8cad913{justify-content:space-between;margin-top:0;display:flex;flex-wrap:wrap;margin-bottom:0;padding:0 80px}#gspb_row-id-gsbp-8cad913>.gspb_row__content{display:flex;justify-content:space-between;margin:0 auto;width:100%;flex-wrap:wrap}.gspb_row{position:relative}div[id^=gspb_col-id]{box-sizing:border-box;position:relative;padding:var(--gs-row-column-padding, 15px min(3vw, 20px))}@media (max-width:991.98px){#gspb_row-id-gsbp-8cad913>.gspb_row__content{row-gap:30px}}@media (max-width:991.98px){#gspb_row-id-gsbp-8cad913{margin-bottom:24px;padding-right:50px;padding-left:50px}}@media (max-width:575.98px){#gspb_row-id-gsbp-8cad913{margin-bottom:32px;padding-right:35px;padding-left:35px}}#gspb_row-id-gsbp-8cad913{min-height:300px}@media (max-width:575.98px){#gspb_row-id-gsbp-8cad913{min-height:100px}}#gspb_row-id-gsbp-8cad913{box-shadow:0 2px 4px 0 rgba(0,0,0,.07);background-color:var(--wp--preset--color--palette-color-7, var(--theme-palette-color-7, #F7FAFD))}#gspb_row-id-gsbp-8cad913,#gspb_row-id-gsbp-8cad913>.gspb_backgroundOverlay{border-top-left-radius:20px;border-top-right-radius:20px;border-bottom-right-radius:20px;border-bottom-left-radius:20px}#gspb_col-id-gsbp-6a3bc96.gspb_row__col--9{width:calc(75% - 5px)}@media (max-width:991.98px){#gspb_col-id-gsbp-6a3bc96.gspb_row__col--9{width:100%}}@media (max-width:767.98px){#gspb_col-id-gsbp-6a3bc96.gspb_row__col--9{width:calc(100% - 5px)}}@media (max-width:575.98px){#gspb_col-id-gsbp-6a3bc96.gspb_row__col--9{width:100%}}.gspb_row #gspb_col-id-gsbp-6a3bc96.gspb_row__col--9{margin-top:0;margin-right:0;margin-left:0;padding:70px 0}@media (max-width:991.98px){.gspb_row #gspb_col-id-gsbp-6a3bc96.gspb_row__col--9{padding-top:50px;padding-bottom:0}}@media (max-width:575.98px){.gspb_row #gspb_col-id-gsbp-6a3bc96.gspb_row__col--9{padding-bottom:0}}body #gspb_col-id-gsbp-6a3bc96.gspb_row__col--9{display:flex;flex-direction:column;justify-content:center}@media (max-width:991.98px){body #gspb_col-id-gsbp-6a3bc96.gspb_row__col--9{align-items:center}#gspb_heading-id-gsbp-d302bf1,#gspb_heading-id-gsbp-d302bf1 .gsap-g-line{text-align:center!important}}#gspb_heading-id-gsbp-d302bf1{margin-top:0;margin-bottom:0}@media (max-width:991.98px){#gspb_heading-id-gsbp-d302bf1{margin-bottom:42px}}@media (max-width:575.98px){#gspb_heading-id-gsbp-d302bf1{margin-bottom:40px}}#gspb_col-id-gsbp-ae00069.gspb_row__col--3{width:calc(25% - 25px)}@media (max-width:991.98px){#gspb_col-id-gsbp-ae00069.gspb_row__col--3{width:100%}}@media (max-width:767.98px){#gspb_col-id-gsbp-ae00069.gspb_row__col--3{width:calc(100% - 25px)}}@media (max-width:575.98px){#gspb_col-id-gsbp-ae00069.gspb_row__col--3{width:100%}}.gspb_row #gspb_col-id-gsbp-ae00069.gspb_row__col--3{padding:0}#gspb_col-id-gsbp-ae00069.gspb_row__col--3{transition:all .5s cubic-bezier(.42,0,.58,1);transform:translateY(0);transform-origin:center center}body #gspb_col-id-gsbp-ae00069.gspb_row__col--3{display:flex;flex-direction:column;justify-content:flex-end;align-items:center}#gspb_row-id-gsbp-cac37db{justify-content:space-between;margin-bottom:0;display:flex;flex-wrap:wrap;margin-top:80px}#gspb_row-id-gsbp-cac37db>.gspb_row__content{display:flex;justify-content:space-between;margin:0 auto;width:100%;flex-wrap:wrap}body.gspb-bodyfront #gspb_row-id-gsbp-8cad913>.gspb_row__content,body.gspb-bodyfront #gspb_row-id-gsbp-cac37db>.gspb_row__content{width:var(--theme-container-width, 1200px);max-width:var(--theme-normal-container-max-width, 1200px)}@media (max-width:575.98px){#gspb_row-id-gsbp-cac37db{margin-top:20px}}#gspb_col-id-gsbp-df5e025.gspb_row__col--12{width:100%}@media (max-width:575.98px){#gspb_col-id-gsbp-df5e025.gspb_row__col--12{width:100%}}.gspb_row #gspb_col-id-gsbp-df5e025.gspb_row__col--12{padding-right:0;padding-left:0}.gspb_text-id-gsbp-e1466bf{font-size:18px}@media (max-width:575.98px){.gspb_text-id-gsbp-e1466bf{font-size:16px}}.gspb_text-id-gsbp-e1466bf{margin-bottom:15px!important}@media (max-width:991.98px){.gspb_text-id-gsbp-e1466bf{margin-top:0!important}}@media (max-width:575.98px){.gspb_text-id-gsbp-e1466bf{margin-right:0!important;margin-left:0!important}}.gspb_text-id-gsbp-4883c85{margin-bottom:0!important}#gspb_button-id-gsbp-dc2dd20{display:flex;justify-content:flex-start}#gspb_button-id-gsbp-dc2dd20 .gspb-buttonbox-text{display:flex;flex-direction:column}#gspb_button-id-gsbp-dc2dd20>.gspb-buttonbox{box-sizing:border-box}#gspb_button-id-gsbp-dc2dd20>.gspb-buttonbox>.gspb-buttonbox-textwrap>.gspb-buttonbox-icon{display:flex}#gspb_button-id-gsbp-dc2dd20>.gspb-buttonbox .gspb-buttonbox-icon svg{height:13px!important;width:13px!important;min-width:13px!important;fill:currentColor!important;margin:0!important}#gspb_button-id-gsbp-dc2dd20>.gspb-buttonbox .gspb-buttonbox-icon svg path{fill:currentColor!important}#gspb_button-id-gsbp-dc2dd20>.gspb-buttonbox>.gspb-buttonbox-textwrap{display:flex;flex-direction:row;align-items:center}#gspb_button-id-gsbp-dc2dd20 .gspb-buttonbox-icon{margin-left:13px}#gspb_button-id-gsbp-dc2dd20>.gspb-buttonbox{margin-top:40px;margin-bottom:40px}@media (max-width:575.98px){#gspb_button-id-gsbp-dc2dd20>.gspb-buttonbox{margin-top:44px}}","footnotes":""},"class_list":["post-1061","page","type-page","status-publish","hentry"],"blocksy_meta":{"has_hero_section":"disabled","styles_descriptor":{"styles":{"desktop":"","tablet":"","mobile":""},"google_fonts":[],"version":6},"content_style_source":"inherit","vertical_spacing_source":"custom","content_area_spacing":"bottom"},"_links":{"self":[{"href":"https:\/\/sauguskodas.lt\/lt\/wp-json\/wp\/v2\/pages\/1061","targetHints":{"allow":["GET"]}}],"collection":[{"href":"https:\/\/sauguskodas.lt\/lt\/wp-json\/wp\/v2\/pages"}],"about":[{"href":"https:\/\/sauguskodas.lt\/lt\/wp-json\/wp\/v2\/types\/page"}],"author":[{"embeddable":true,"href":"https:\/\/sauguskodas.lt\/lt\/wp-json\/wp\/v2\/users\/1"}],"replies":[{"embeddable":true,"href":"https:\/\/sauguskodas.lt\/lt\/wp-json\/wp\/v2\/comments?post=1061"}],"version-history":[{"count":14,"href":"https:\/\/sauguskodas.lt\/lt\/wp-json\/wp\/v2\/pages\/1061\/revisions"}],"predecessor-version":[{"id":1222,"href":"https:\/\/sauguskodas.lt\/lt\/wp-json\/wp\/v2\/pages\/1061\/revisions\/1222"}],"wp:attachment":[{"href":"https:\/\/sauguskodas.lt\/lt\/wp-json\/wp\/v2\/media?parent=1061"}],"curies":[{"name":"wp","href":"https:\/\/api.w.org\/{rel}","templated":true}]}}