{"id":593,"date":"2025-12-16T09:01:24","date_gmt":"2025-12-16T09:01:24","guid":{"rendered":"https:\/\/svetainiuperkelimas.eu\/cybercyber\/?page_id=593"},"modified":"2026-01-14T14:04:56","modified_gmt":"2026-01-14T14:04:56","slug":"web-application-security-testing","status":"publish","type":"page","link":"https:\/\/sauguskodas.lt\/lt\/services\/web-application-security-testing\/","title":{"rendered":"\u012esilau\u017eim\u0173 testavimas"},"content":{"rendered":"<div class=\"wp-block-greenshift-blocks-row gspb_row gspb_row-id-gsbp-8cad913 gspb_row--gutter-custom-0\" id=\"gspb_row-id-gsbp-8cad913\"><div class=\"gspb_row__content\"> \n<div class=\"wp-block-greenshift-blocks-row-column gspb_row__col--9 gspb_row__col--md-12 gspb_col-id-gsbp-6a3bc96\" id=\"gspb_col-id-gsbp-6a3bc96\">\n\n\n<h1 id=\"gspb_heading-id-gsbp-d302bf1\" class=\"gspb_heading gspb_heading-id-gsbp-d302bf1\">\u012esilau\u017eim\u0173 testavimas<\/h1>\n<\/div>\n\n\n\n<div class=\"wp-block-greenshift-blocks-row-column gspb_row__col--3 gspb_row__col--md-12 gspb_col-id-gsbp-ae00069\" id=\"gspb_col-id-gsbp-ae00069\"><\/div>\n <\/div><\/div>\n\n\n\n<div class=\"wp-block-greenshift-blocks-row gspb_row gspb_row-id-gsbp-cac37db\" id=\"gspb_row-id-gsbp-cac37db\"><div class=\"gspb_row__content\"> \n<div class=\"wp-block-greenshift-blocks-row-column gspb_row__col--12 gspb_col-id-gsbp-df5e025\" id=\"gspb_col-id-gsbp-df5e025\">\n<div id=\"gspb_text-id-gsbp-e1466bf\" class=\"gspb_text gspb_text-id-gsbp-e1466bf\">Kibernetinio saugumo paslaugos negali b\u016bti grind\u017eiamos vien automatizuotais testavimo \u012frankiais. Siekiant identifikuoti realius \u017einiatinklio (angl. web) program\u0173 pa\u017eeid\u017eiamumus, atliekame ekspertin\u012f aplikacij\u0173 saugumo testavim\u0105 ir i\u0161sami\u0105 kodo analiz\u0119. Tai leid\u017eia aptikti sud\u0117tingas rizikas, kuri\u0173 automatiniai sprendimai neidentifikuoja, \u012fskaitant verslo logikos spragas, autentifikavimo ir autorizavimo silpnybes, nesaugi\u0105 programavimo praktik\u0105 bei pa\u017eeid\u017eiamumus, atsirandan\u010dius programin\u0117s \u012frangos k\u016brimo gyvavimo ciklo metu (SDLC).\n\nM\u016bs\u0173 sertifikuoti kibernetinio saugumo specialistai vadovaujasi pramon\u0117s standartais, tokiais kaip OWASP. Esant poreikiui, m\u016bs\u0173 ekspertai taip pat gali tiesiogiai \u012fgyvendinti saugumo pataisas ir i\u0161taisyti nustatytus pa\u017eeid\u017eiamumus programiniame kode, u\u017etikrinant greitesn\u012f ir efektyvesn\u012f rizik\u0173 pa\u0161alinim\u0105.\n\nApsaugokite savo aplikacijas nuo kibernetini\u0173 atak\u0173 pasirinkdami testavim\u0105, paremt\u0105 realia u\u017epuolik\u0173 m\u0105stysena - vien automatizuot\u0173 sprendim\u0173 tam nepakanka.<\/div>\n\n\n\n<div class=\"gspb_button_wrapper gspb_button-id-gsbp-dc2dd20\" id=\"gspb_button-id-gsbp-dc2dd20\"><a class=\"wp-block-greenshift-blocks-buttonbox gspb-buttonbox wp-element-button\" href=\"https:\/\/sauguskodas.lt\/lt\/contact\/\" rel=\"noopener\"><span class=\"gspb-buttonbox-textwrap\"><span class=\"gspb-buttonbox-text\"><span class=\"gspb-buttonbox-title\">Kontaktai<\/span><\/span><span class=\"gspb-buttonbox-icon\"><svg xmlns=\"http:\/\/www.w3.org\/2000\/svg\" style=\"width:5rem;height:5rem;margin:10px\" viewbox=\"0 0 24 24\"><path fill-rule=\"evenodd\" d=\"M24 0v22.78h-2.87V4.9L2.03 24 0 21.97l19.1-19.1H1.26V0H24Z\"><\/path><\/svg><\/span><\/span><\/a><\/div>\n<\/div>\n <\/div><\/div>\n\n\n\n<p><\/p>","protected":false},"excerpt":{"rendered":"","protected":false},"author":1,"featured_media":0,"parent":10,"menu_order":0,"comment_status":"closed","ping_status":"closed","template":"","meta":{"_gspb_post_css":"#gspb_row-id-gsbp-8cad913{justify-content:space-between;margin-top:0;display:flex;flex-wrap:wrap;margin-bottom:0;padding:0 80px}#gspb_row-id-gsbp-8cad913>.gspb_row__content{display:flex;justify-content:space-between;margin:0 auto;width:100%;flex-wrap:wrap}.gspb_row{position:relative}div[id^=gspb_col-id]{box-sizing:border-box;position:relative;padding:var(--gs-row-column-padding, 15px min(3vw, 20px))}@media (max-width:991.98px){#gspb_row-id-gsbp-8cad913>.gspb_row__content{row-gap:30px}}@media (max-width:991.98px){#gspb_row-id-gsbp-8cad913{margin-bottom:24px;padding-right:50px;padding-left:50px}}@media (max-width:575.98px){#gspb_row-id-gsbp-8cad913{margin-bottom:32px;padding-right:35px;padding-left:35px}}#gspb_row-id-gsbp-8cad913{min-height:300px}@media (max-width:575.98px){#gspb_row-id-gsbp-8cad913{min-height:100px}}#gspb_row-id-gsbp-8cad913{box-shadow:0 2px 4px 0 rgba(0,0,0,.07);background-color:var(--wp--preset--color--palette-color-7, var(--theme-palette-color-7, #F7FAFD))}#gspb_row-id-gsbp-8cad913,#gspb_row-id-gsbp-8cad913>.gspb_backgroundOverlay{border-top-left-radius:20px;border-top-right-radius:20px;border-bottom-right-radius:20px;border-bottom-left-radius:20px}#gspb_col-id-gsbp-6a3bc96.gspb_row__col--9{width:calc(75% - 5px)}@media (max-width:991.98px){#gspb_col-id-gsbp-6a3bc96.gspb_row__col--9{width:100%}}@media (max-width:767.98px){#gspb_col-id-gsbp-6a3bc96.gspb_row__col--9{width:calc(100% - 5px)}}@media (max-width:575.98px){#gspb_col-id-gsbp-6a3bc96.gspb_row__col--9{width:100%}}.gspb_row #gspb_col-id-gsbp-6a3bc96.gspb_row__col--9{margin-top:0;margin-right:0;margin-left:0;padding:70px 0}@media (max-width:991.98px){.gspb_row #gspb_col-id-gsbp-6a3bc96.gspb_row__col--9{padding-top:50px;padding-bottom:0}}@media (max-width:575.98px){.gspb_row #gspb_col-id-gsbp-6a3bc96.gspb_row__col--9{padding-bottom:0}}body #gspb_col-id-gsbp-6a3bc96.gspb_row__col--9{display:flex;flex-direction:column;justify-content:center}@media (max-width:991.98px){body #gspb_col-id-gsbp-6a3bc96.gspb_row__col--9{align-items:center}#gspb_heading-id-gsbp-d302bf1,#gspb_heading-id-gsbp-d302bf1 .gsap-g-line{text-align:center!important}}#gspb_heading-id-gsbp-d302bf1{margin-top:0;margin-bottom:0}@media (max-width:991.98px){#gspb_heading-id-gsbp-d302bf1{margin-bottom:42px}}@media (max-width:575.98px){#gspb_heading-id-gsbp-d302bf1{margin-bottom:40px}}#gspb_col-id-gsbp-ae00069.gspb_row__col--3{width:calc(25% - 25px)}@media (max-width:991.98px){#gspb_col-id-gsbp-ae00069.gspb_row__col--3{width:100%}}@media (max-width:767.98px){#gspb_col-id-gsbp-ae00069.gspb_row__col--3{width:calc(100% - 25px)}}@media (max-width:575.98px){#gspb_col-id-gsbp-ae00069.gspb_row__col--3{width:100%}}.gspb_row #gspb_col-id-gsbp-ae00069.gspb_row__col--3{padding:0}#gspb_col-id-gsbp-ae00069.gspb_row__col--3{transition:all .5s cubic-bezier(.42,0,.58,1);transform:translateY(0);transform-origin:center center}body #gspb_col-id-gsbp-ae00069.gspb_row__col--3{display:flex;flex-direction:column;justify-content:flex-end;align-items:center}#gspb_row-id-gsbp-cac37db{justify-content:space-between;margin-bottom:0;display:flex;flex-wrap:wrap;margin-top:80px}#gspb_row-id-gsbp-cac37db>.gspb_row__content{display:flex;justify-content:space-between;margin:0 auto;width:100%;flex-wrap:wrap}body.gspb-bodyfront #gspb_row-id-gsbp-8cad913>.gspb_row__content,body.gspb-bodyfront #gspb_row-id-gsbp-cac37db>.gspb_row__content{width:var(--theme-container-width, 1200px);max-width:var(--theme-normal-container-max-width, 1200px)}@media (max-width:575.98px){#gspb_row-id-gsbp-cac37db{margin-top:20px}}#gspb_col-id-gsbp-df5e025.gspb_row__col--12{width:100%}@media (max-width:575.98px){#gspb_col-id-gsbp-df5e025.gspb_row__col--12{width:100%}}.gspb_row #gspb_col-id-gsbp-df5e025.gspb_row__col--12{padding-right:0;padding-left:0}.gspb_text-id-gsbp-e1466bf{font-size:18px}@media (max-width:575.98px){.gspb_text-id-gsbp-e1466bf{font-size:16px}}.gspb_text-id-gsbp-e1466bf{margin-bottom:0!important}@media (max-width:991.98px){.gspb_text-id-gsbp-e1466bf{margin-top:0!important}}@media (max-width:575.98px){.gspb_text-id-gsbp-e1466bf{margin-right:0!important;margin-left:0!important}}#gspb_button-id-gsbp-dc2dd20{display:flex;justify-content:flex-start}#gspb_button-id-gsbp-dc2dd20 .gspb-buttonbox-text{display:flex;flex-direction:column}#gspb_button-id-gsbp-dc2dd20>.gspb-buttonbox{box-sizing:border-box}#gspb_button-id-gsbp-dc2dd20>.gspb-buttonbox>.gspb-buttonbox-textwrap>.gspb-buttonbox-icon{display:flex}#gspb_button-id-gsbp-dc2dd20>.gspb-buttonbox .gspb-buttonbox-icon svg{height:13px!important;width:13px!important;min-width:13px!important;fill:currentColor!important;margin:0!important}#gspb_button-id-gsbp-dc2dd20>.gspb-buttonbox .gspb-buttonbox-icon svg path{fill:currentColor!important}#gspb_button-id-gsbp-dc2dd20>.gspb-buttonbox>.gspb-buttonbox-textwrap{display:flex;flex-direction:row;align-items:center}#gspb_button-id-gsbp-dc2dd20 .gspb-buttonbox-icon{margin-left:13px}#gspb_button-id-gsbp-dc2dd20>.gspb-buttonbox{margin-top:40px;margin-bottom:40px}@media (max-width:575.98px){#gspb_button-id-gsbp-dc2dd20>.gspb-buttonbox{margin-top:44px}}","footnotes":""},"class_list":["post-593","page","type-page","status-publish","hentry"],"blocksy_meta":{"has_hero_section":"disabled","styles_descriptor":{"styles":{"desktop":"","tablet":"","mobile":""},"google_fonts":[],"version":6},"vertical_spacing_source":"custom","content_area_spacing":"none"},"_links":{"self":[{"href":"https:\/\/sauguskodas.lt\/lt\/wp-json\/wp\/v2\/pages\/593","targetHints":{"allow":["GET"]}}],"collection":[{"href":"https:\/\/sauguskodas.lt\/lt\/wp-json\/wp\/v2\/pages"}],"about":[{"href":"https:\/\/sauguskodas.lt\/lt\/wp-json\/wp\/v2\/types\/page"}],"author":[{"embeddable":true,"href":"https:\/\/sauguskodas.lt\/lt\/wp-json\/wp\/v2\/users\/1"}],"replies":[{"embeddable":true,"href":"https:\/\/sauguskodas.lt\/lt\/wp-json\/wp\/v2\/comments?post=593"}],"version-history":[{"count":42,"href":"https:\/\/sauguskodas.lt\/lt\/wp-json\/wp\/v2\/pages\/593\/revisions"}],"predecessor-version":[{"id":1052,"href":"https:\/\/sauguskodas.lt\/lt\/wp-json\/wp\/v2\/pages\/593\/revisions\/1052"}],"up":[{"embeddable":true,"href":"https:\/\/sauguskodas.lt\/lt\/wp-json\/wp\/v2\/pages\/10"}],"wp:attachment":[{"href":"https:\/\/sauguskodas.lt\/lt\/wp-json\/wp\/v2\/media?parent=593"}],"curies":[{"name":"wp","href":"https:\/\/api.w.org\/{rel}","templated":true}]}}