{"id":596,"date":"2025-12-16T07:46:12","date_gmt":"2025-12-16T07:46:12","guid":{"rendered":"https:\/\/svetainiuperkelimas.eu\/cybercyber\/?page_id=596"},"modified":"2026-01-05T22:26:17","modified_gmt":"2026-01-05T22:26:17","slug":"cybersecurity-training-for-employees","status":"publish","type":"page","link":"https:\/\/sauguskodas.lt\/lt\/services\/cybersecurity-training-for-employees\/","title":{"rendered":"Kibernetinio saugumo mokymai \u012fmoni\u0173 darbuotojams"},"content":{"rendered":"<div class=\"wp-block-greenshift-blocks-row gspb_row gspb_row-id-gsbp-8cad913 gspb_row--gutter-custom-0\" id=\"gspb_row-id-gsbp-8cad913\"><div class=\"gspb_row__content\"> \n<div class=\"wp-block-greenshift-blocks-row-column gspb_row__col--9 gspb_row__col--md-12 gspb_col-id-gsbp-6a3bc96\" id=\"gspb_col-id-gsbp-6a3bc96\">\n\n\n<h1 id=\"gspb_heading-id-gsbp-d302bf1\" class=\"gspb_heading gspb_heading-id-gsbp-d302bf1\">Kibernetinio saugumo mokymai \u012fmoni\u0173 darbuotojams<\/h1>\n<\/div>\n\n\n\n<div class=\"wp-block-greenshift-blocks-row-column gspb_row__col--3 gspb_row__col--md-12 gspb_col-id-gsbp-ae00069\" id=\"gspb_col-id-gsbp-ae00069\"><\/div>\n <\/div><\/div>\n\n\n\n<div class=\"wp-block-greenshift-blocks-row gspb_row gspb_row-id-gsbp-9dcdc29\" id=\"gspb_row-id-gsbp-9dcdc29\"><div class=\"gspb_row__content\"> \n<div class=\"wp-block-greenshift-blocks-row-column gspb_row__col--6 gspb_col-id-gsbp-10bc297\" id=\"gspb_col-id-gsbp-10bc297\">\n<h2 id=\"gspb_heading-id-gsbp-989bd9f\" class=\"gspb_heading gspb_heading-id-gsbp-989bd9f\">Suteikite savo komandai reikiamus \u012fg\u016bd\u017eius ir \u017einias, kad b\u016bt\u0173 u\u017etikrinta organizacijos sauga.<\/h2>\n\n\n\n<div id=\"gspb_text-id-gsbp-2a453b1\" class=\"gspb_text gspb_text-id-gsbp-2a453b1\">M\u016bs\u0173 mokymai pagr\u012fsti praktika ir realiomis situacijomis. J\u0173 metu darbuotojams pateikiami tikri pavyzd\u017eiai, kaip atpa\u017einti suk\u010diavimo (angl. phishing) el. lai\u0161kus, netikrus skambu\u010dius ar \u017einutes bei pavojingas nuorodas ir priedus, su kuriais jie gali susidurti kasdien\u0117je darbo aplinkoje. Tai padeda darbuotojams efektyviai identifikuoti gr\u0117smes ir tinkamai \u012f jas reaguoti.<\/div>\n<\/div>\n <\/div><\/div>\n\n\n\n<div class=\"wp-block-greenshift-blocks-row gspb_row gspb_row-id-gsbp-a85dbef gspb_row--gutter-custom-0\" id=\"gspb_row-id-gsbp-a85dbef\"><div class=\"gspb_row__content\"> \n<div class=\"wp-block-greenshift-blocks-row-column gspb_row__col--4 gspb_row__col--md-6 gspb_col-id-gsbp-d2d3d0f gspb-hoverparent-284\" id=\"gspb_col-id-gsbp-d2d3d0f\">\n<div class=\"wp-block-greenshift-blocks-iconbox gspb_iconBox gspb_iconBox-id-gsbp-bffe2b7\" id=\"gspb_iconBox-id-gsbp-bffe2b7\"><div class=\"gspb_iconBox__wrapper\" style=\"display:inline-flex\"><img decoding=\"async\" src=\"https:\/\/sauguskodas.lt\/wp-content\/uploads\/2025\/12\/training.svg\"\/><\/div><\/div>\n\n\n\n<h3 id=\"gspb_heading-id-gsbp-b2afbb7\" class=\"gspb_heading gspb_heading-id-gsbp-b2afbb7\">Mokymus veda sertifikuotas kibernetinio saugumo instruktorius<\/h3>\n<\/div>\n\n\n\n<div class=\"wp-block-greenshift-blocks-row-column gspb_row__col--4 gspb_row__col--md-6 gspb_col-id-gsbp-a90b345 gspb-hoverparent-284\" id=\"gspb_col-id-gsbp-a90b345\">\n<div class=\"wp-block-greenshift-blocks-iconbox gspb_iconBox gspb_iconBox-id-gsbp-77677ba\" id=\"gspb_iconBox-id-gsbp-77677ba\"><div class=\"gspb_iconBox__wrapper\" style=\"display:inline-flex\"><img decoding=\"async\" src=\"https:\/\/sauguskodas.lt\/wp-content\/uploads\/2025\/12\/cyber-threats.svg\"\/><\/div><\/div>\n\n\n\n<h3 id=\"gspb_heading-id-gsbp-058155e\" class=\"gspb_heading gspb_heading-id-gsbp-058155e\">Real\u016bs kibernetini\u0173 gr\u0117smi\u0173 pavyzd\u017eiai<\/h3>\n<\/div>\n\n\n\n<div class=\"wp-block-greenshift-blocks-row-column gspb_row__col--4 gspb_row__col--md-12 gspb_col-id-gsbp-3a63cc7 gspb-hoverparent-284\" id=\"gspb_col-id-gsbp-3a63cc7\">\n<div class=\"wp-block-greenshift-blocks-iconbox gspb_iconBox gspb_iconBox-id-gsbp-21d6427\" id=\"gspb_iconBox-id-gsbp-21d6427\"><div class=\"gspb_iconBox__wrapper\" style=\"display:inline-flex\"><img decoding=\"async\" src=\"https:\/\/sauguskodas.lt\/wp-content\/uploads\/2025\/12\/clear-tips.svg\"\/><\/div><\/div>\n\n\n\n<h3 id=\"gspb_heading-id-gsbp-c475335\" class=\"gspb_heading gspb_heading-id-gsbp-c475335\">Praktiniai patarimai darbui ir kasdieniam gyvenimui<\/h3>\n<\/div>\n <\/div><\/div>\n\n\n\n<div class=\"wp-block-greenshift-blocks-row gspb_row gspb_row-id-gsbp-fc7e2d5 gspb_row--gutter-custom-0\" id=\"gspb_row-id-gsbp-fc7e2d5\"><div class=\"gspb_row__content\">  <\/div><\/div>\n\n\n\n<div class=\"gspb_button_wrapper gspb_button-id-gsbp-017e9fc\" id=\"gspb_button-id-gsbp-017e9fc\"><a class=\"wp-block-greenshift-blocks-buttonbox gspb-buttonbox wp-element-button\" href=\"https:\/\/sauguskodas.lt\/lt\/contact\/\" rel=\"noopener\"><span class=\"gspb-buttonbox-textwrap\"><span class=\"gspb-buttonbox-text\"><span class=\"gspb-buttonbox-title\">Kontaktai<\/span><\/span><span class=\"gspb-buttonbox-icon\"><svg xmlns=\"http:\/\/www.w3.org\/2000\/svg\" style=\"width:5rem;height:5rem;margin:10px\" viewbox=\"0 0 24 24\"><path fill-rule=\"evenodd\" d=\"M24 0v22.78h-2.87V4.9L2.03 24 0 21.97l19.1-19.1H1.26V0H24Z\"><\/path><\/svg><\/span><\/span><\/a><\/div>","protected":false},"excerpt":{"rendered":"","protected":false},"author":1,"featured_media":0,"parent":10,"menu_order":0,"comment_status":"closed","ping_status":"closed","template":"","meta":{"_gspb_post_css":"#gspb_row-id-gsbp-8cad913{justify-content:space-between;margin-top:0;display:flex;flex-wrap:wrap;margin-bottom:0;padding:0 80px}#gspb_row-id-gsbp-8cad913>.gspb_row__content{display:flex;justify-content:space-between;margin:0 auto;width:100%;flex-wrap:wrap}div[id^=gspb_col-id]{box-sizing:border-box;position:relative;padding:var(--gs-row-column-padding, 15px min(3vw, 20px))}@media (max-width:991.98px){#gspb_row-id-gsbp-8cad913>.gspb_row__content{row-gap:30px}}@media (max-width:991.98px){#gspb_row-id-gsbp-8cad913{margin-bottom:24px;padding-right:50px;padding-left:50px}}@media (max-width:575.98px){#gspb_row-id-gsbp-8cad913{margin-bottom:32px;padding-right:35px;padding-left:35px}}#gspb_row-id-gsbp-8cad913{min-height:300px}@media (max-width:575.98px){#gspb_row-id-gsbp-8cad913{min-height:100px}}#gspb_row-id-gsbp-8cad913{box-shadow:0 2px 4px 0 rgba(0,0,0,.07);background-color:var(--wp--preset--color--palette-color-7, var(--theme-palette-color-7, #F7FAFD))}#gspb_row-id-gsbp-8cad913,#gspb_row-id-gsbp-8cad913>.gspb_backgroundOverlay{border-top-left-radius:20px;border-top-right-radius:20px;border-bottom-right-radius:20px;border-bottom-left-radius:20px}#gspb_col-id-gsbp-6a3bc96.gspb_row__col--9{width:calc(75% - 5px)}@media (max-width:991.98px){#gspb_col-id-gsbp-6a3bc96.gspb_row__col--9{width:100%}}@media (max-width:767.98px){#gspb_col-id-gsbp-6a3bc96.gspb_row__col--9{width:calc(100% - 5px)}}@media (max-width:575.98px){#gspb_col-id-gsbp-6a3bc96.gspb_row__col--9{width:100%}}.gspb_row #gspb_col-id-gsbp-6a3bc96.gspb_row__col--9{margin-top:0;margin-right:0;margin-left:0;padding:70px 0}@media (max-width:991.98px){.gspb_row #gspb_col-id-gsbp-6a3bc96.gspb_row__col--9{padding-top:50px;padding-bottom:0}}@media (max-width:575.98px){.gspb_row #gspb_col-id-gsbp-6a3bc96.gspb_row__col--9{padding-bottom:0}}body #gspb_col-id-gsbp-6a3bc96.gspb_row__col--9{display:flex;flex-direction:column;justify-content:center}@media (max-width:991.98px){body #gspb_col-id-gsbp-6a3bc96.gspb_row__col--9{align-items:center}#gspb_heading-id-gsbp-d302bf1,#gspb_heading-id-gsbp-d302bf1 .gsap-g-line{text-align:center!important}}#gspb_heading-id-gsbp-d302bf1{margin-top:0;margin-bottom:0}@media (max-width:991.98px){#gspb_heading-id-gsbp-d302bf1{margin-bottom:42px}}@media (max-width:575.98px){#gspb_heading-id-gsbp-d302bf1{margin-bottom:40px}}#gspb_col-id-gsbp-ae00069.gspb_row__col--3{width:calc(25% - 25px)}@media (max-width:991.98px){#gspb_col-id-gsbp-ae00069.gspb_row__col--3{width:100%}}@media (max-width:767.98px){#gspb_col-id-gsbp-ae00069.gspb_row__col--3{width:calc(100% - 25px)}}@media (max-width:575.98px){#gspb_col-id-gsbp-ae00069.gspb_row__col--3{width:100%}}.gspb_row #gspb_col-id-gsbp-ae00069.gspb_row__col--3{padding:0}#gspb_col-id-gsbp-ae00069.gspb_row__col--3{transition:all .5s cubic-bezier(.42,0,.58,1);transform:translateY(0);transform-origin:center center}body #gspb_col-id-gsbp-ae00069.gspb_row__col--3{display:flex;flex-direction:column;justify-content:flex-end;align-items:center}#gspb_row-id-gsbp-9dcdc29{justify-content:space-between;margin-top:0;margin-bottom:0;display:flex;flex-wrap:wrap}#gspb_row-id-gsbp-9dcdc29>.gspb_row__content{display:flex;margin:0 auto;width:100%;flex-wrap:wrap;align-items:center;justify-content:space-around}@media (max-width:575.98px){#gspb_row-id-gsbp-9dcdc29{min-height:1px}}body.gspb-bodyfront #gspb_row-id-gsbp-8cad913>.gspb_row__content,body.gspb-bodyfront #gspb_row-id-gsbp-9dcdc29>.gspb_row__content{width:var(--theme-container-width, 1200px);max-width:var(--theme-normal-container-max-width, 1200px)}#gspb_row-id-gsbp-9dcdc29{align-content:center;padding:0 66px 40px}@media (max-width:991.98px){#gspb_row-id-gsbp-9dcdc29{margin-bottom:0;padding-right:0;padding-left:0}}@media (max-width:575.98px){#gspb_row-id-gsbp-9dcdc29{padding:0}}#gspb_col-id-gsbp-10bc297.gspb_row__col--6{width:50%}@media (max-width:575.98px){#gspb_col-id-gsbp-10bc297.gspb_row__col--6{width:100%}}@media (min-width:992px){body.gspb-bodyfront #gspb_col-id-gsbp-10bc297.gspb_row__col--6{width:calc(1200px - 0px - 0px)}}@media (min-width:576px) and (max-width:991.98px){body.gspb-bodyfront #gspb_col-id-gsbp-10bc297.gspb_row__col--6{width:calc(100% - 0px - 0px)}}@media (max-width:575.98px){body.gspb-bodyfront #gspb_col-id-gsbp-10bc297.gspb_row__col--6{width:calc(100% - 0px - 0px)}}#gspb_heading-id-gsbp-989bd9f,#gspb_heading-id-gsbp-989bd9f .gsap-g-line{text-align:center!important}@media (max-width:575.98px){#gspb_heading-id-gsbp-989bd9f,#gspb_heading-id-gsbp-989bd9f .gsap-g-line{text-align:center!important}}#gspb_heading-id-gsbp-989bd9f{margin-top:64px;margin-bottom:0}@media (max-width:991.98px){#gspb_heading-id-gsbp-989bd9f{margin-top:0}}@media (max-width:575.98px){#gspb_heading-id-gsbp-989bd9f{margin-bottom:20px}}.gspb_text-id-gsbp-2a453b1{font-size:22px}@media (max-width:575.98px){.gspb_text-id-gsbp-2a453b1{font-size:16px}}.gspb_text-id-gsbp-2a453b1,.gspb_text-id-gsbp-2a453b1 .gsap-g-line{text-align:center!important}@media (max-width:575.98px){.gspb_text-id-gsbp-2a453b1,.gspb_text-id-gsbp-2a453b1 .gsap-g-line{text-align:center!important}}.gspb_text-id-gsbp-2a453b1{margin-top:20px!important;margin-bottom:0!important;padding-top:0!important;padding-bottom:0!important}@media (max-width:991.98px){.gspb_text-id-gsbp-2a453b1{padding-bottom:14px!important}}@media (max-width:575.98px){.gspb_text-id-gsbp-2a453b1{margin-top:0!important;margin-bottom:0!important;padding-bottom:0!important}}#gspb_row-id-gsbp-a85dbef{justify-content:space-between;display:flex;flex-wrap:wrap;margin-top:0;margin-bottom:66px}#gspb_row-id-gsbp-a85dbef>.gspb_row__content{display:flex;justify-content:space-between;margin:0 auto;width:100%;flex-wrap:wrap;row-gap:40px}.gspb_row{position:relative}@media (max-width:991.98px){#gspb_row-id-gsbp-a85dbef>.gspb_row__content{row-gap:30px}}@media (max-width:991.98px){#gspb_row-id-gsbp-a85dbef{margin-top:0;margin-bottom:44px}}@media (max-width:575.98px){#gspb_row-id-gsbp-a85dbef{margin-top:24px;margin-bottom:44px}}#gspb_col-id-gsbp-d2d3d0f.gspb_row__col--4{width:calc(33.333333333333336% - 30px)}@media (max-width:991.98px){#gspb_col-id-gsbp-d2d3d0f.gspb_row__col--4{width:calc(50% - 15px)}}@media (max-width:767.98px){#gspb_col-id-gsbp-d2d3d0f.gspb_row__col--4{width:calc(50% - 15px)}}@media (max-width:575.98px){#gspb_col-id-gsbp-d2d3d0f.gspb_row__col--4{width:100%}}.gspb_row #gspb_col-id-gsbp-d2d3d0f.gspb_row__col--4{padding:40px}@media (max-width:991.98px){.gspb_row #gspb_col-id-gsbp-d2d3d0f.gspb_row__col--4{padding-right:35px;padding-bottom:50px;padding-left:35px}}@media (max-width:575.98px){.gspb_row #gspb_col-id-gsbp-d2d3d0f.gspb_row__col--4{padding:32px}}#gspb_col-id-gsbp-d2d3d0f.gspb_row__col--4{background-color:var(--wp--preset--color--palette-color-7, var(--theme-palette-color-7, #F7FAFD));box-shadow:0 2px 4px 0 rgba(0,0,0,.07);transition:all .2s ease}#gspb_col-id-gsbp-d2d3d0f.gspb_row__col--4,#gspb_col-id-gsbp-d2d3d0f.gspb_row__col--4>.gspb_backgroundOverlay{border-top-left-radius:20px;border-top-right-radius:20px;border-bottom-right-radius:20px;border-bottom-left-radius:20px}#gspb_iconBox-id-gsbp-21d6427 svg,#gspb_iconBox-id-gsbp-77677ba svg,#gspb_iconBox-id-gsbp-bffe2b7 svg{width:72px}#gspb_iconBox-id-gsbp-bffe2b7{justify-content:center;display:flex}#gspb_iconBox-id-gsbp-bffe2b7 img{height:100px!important;width:100px!important;min-width:100px!important}@media (max-width:991.98px){#gspb_iconBox-id-gsbp-bffe2b7 img{height:45px!important;width:45px!important;min-width:45px!important}}@media (max-width:575.98px){#gspb_iconBox-id-gsbp-bffe2b7 img{height:60px!important;width:60px!important;min-width:60px!important}}#gspb_iconBox-id-gsbp-bffe2b7 img,#gspb_iconBox-id-gsbp-bffe2b7 img path{fill:var(--wp--preset--color--palette-color-2, var(--theme-palette-color-2, #24417C))!important}#gspb_iconBox-id-gsbp-bffe2b7 img{margin:0!important}#gspb_iconBox-id-gsbp-bffe2b7 .gspb_iconBox__wrapper{margin-right:16px;margin-bottom:0;margin-left:16px;transition:all .2s ease}#gspb_heading-id-gsbp-b2afbb7{font-size:20px}@media (max-width:991.98px){#gspb_heading-id-gsbp-b2afbb7{font-size:18px}}#gspb_heading-id-gsbp-b2afbb7,#gspb_heading-id-gsbp-b2afbb7 .gsap-g-line{text-align:center!important}#gspb_heading-id-gsbp-b2afbb7{margin-top:0;margin-bottom:15px}@media (max-width:991.98px){#gspb_heading-id-gsbp-b2afbb7{margin-top:12px;margin-bottom:12px}}#gspb_heading-id-gsbp-b2afbb7{transition:all .2s ease}#gspb_col-id-gsbp-a90b345.gspb_row__col--4{width:calc(33.333333333333336% - 30px)}@media (max-width:991.98px){#gspb_col-id-gsbp-a90b345.gspb_row__col--4{width:calc(50% - 15px)}}@media (max-width:767.98px){#gspb_col-id-gsbp-a90b345.gspb_row__col--4{width:calc(50% - 15px)}}@media (max-width:575.98px){#gspb_col-id-gsbp-a90b345.gspb_row__col--4{width:100%}}.gspb_row #gspb_col-id-gsbp-a90b345.gspb_row__col--4{padding:40px}@media (max-width:991.98px){.gspb_row #gspb_col-id-gsbp-a90b345.gspb_row__col--4{padding-right:35px;padding-bottom:50px;padding-left:35px}}@media (max-width:575.98px){.gspb_row #gspb_col-id-gsbp-a90b345.gspb_row__col--4{padding:32px}}#gspb_col-id-gsbp-a90b345.gspb_row__col--4{background-color:var(--wp--preset--color--palette-color-7, var(--theme-palette-color-7, #F7FAFD));box-shadow:0 2px 4px 0 rgba(0,0,0,.07);transition:all .2s ease}#gspb_col-id-gsbp-a90b345.gspb_row__col--4,#gspb_col-id-gsbp-a90b345.gspb_row__col--4>.gspb_backgroundOverlay{border-top-left-radius:20px;border-top-right-radius:20px;border-bottom-right-radius:20px;border-bottom-left-radius:20px}#gspb_iconBox-id-gsbp-77677ba{justify-content:center;display:flex}#gspb_iconBox-id-gsbp-77677ba img{height:100px!important;width:100px!important;min-width:100px!important}@media (max-width:991.98px){#gspb_iconBox-id-gsbp-77677ba img{height:45px!important;width:45px!important;min-width:45px!important}}@media (max-width:575.98px){#gspb_iconBox-id-gsbp-77677ba img{height:60px!important;width:60px!important;min-width:60px!important}}#gspb_iconBox-id-gsbp-77677ba img,#gspb_iconBox-id-gsbp-77677ba img path{fill:var(--wp--preset--color--palette-color-2, var(--theme-palette-color-2, #24417C))!important}#gspb_iconBox-id-gsbp-77677ba img{margin:0!important}#gspb_iconBox-id-gsbp-77677ba .gspb_iconBox__wrapper{margin-right:16px;margin-bottom:0;margin-left:16px;transition:all .2s ease}#gspb_heading-id-gsbp-058155e{font-size:20px}@media (max-width:991.98px){#gspb_heading-id-gsbp-058155e{font-size:18px}}#gspb_heading-id-gsbp-058155e,#gspb_heading-id-gsbp-058155e .gsap-g-line{text-align:center!important}#gspb_heading-id-gsbp-058155e{margin-top:0;margin-bottom:15px}@media (max-width:991.98px){#gspb_heading-id-gsbp-058155e{margin-top:12px;margin-bottom:12px}}#gspb_heading-id-gsbp-058155e{transition:all .2s ease}#gspb_col-id-gsbp-3a63cc7.gspb_row__col--4{width:calc(33.333333333333336% - 30px)}@media (max-width:991.98px){#gspb_col-id-gsbp-3a63cc7.gspb_row__col--4{width:100%}}@media (max-width:767.98px){#gspb_col-id-gsbp-3a63cc7.gspb_row__col--4{width:calc(100% - 15px)}}@media (max-width:575.98px){#gspb_col-id-gsbp-3a63cc7.gspb_row__col--4{width:100%}}.gspb_row #gspb_col-id-gsbp-3a63cc7.gspb_row__col--4{padding:40px}@media (max-width:991.98px){.gspb_row #gspb_col-id-gsbp-3a63cc7.gspb_row__col--4{padding-right:35px;padding-bottom:50px;padding-left:35px}}@media (max-width:575.98px){.gspb_row #gspb_col-id-gsbp-3a63cc7.gspb_row__col--4{padding:32px}}#gspb_col-id-gsbp-3a63cc7.gspb_row__col--4{background-color:var(--wp--preset--color--palette-color-7, var(--theme-palette-color-7, #F7FAFD));box-shadow:0 2px 4px 0 rgba(0,0,0,.07);transition:all .2s ease}#gspb_col-id-gsbp-3a63cc7.gspb_row__col--4,#gspb_col-id-gsbp-3a63cc7.gspb_row__col--4>.gspb_backgroundOverlay{border-top-left-radius:20px;border-top-right-radius:20px;border-bottom-right-radius:20px;border-bottom-left-radius:20px}#gspb_iconBox-id-gsbp-21d6427{justify-content:center;display:flex}#gspb_iconBox-id-gsbp-21d6427 img{height:100px!important;width:100px!important;min-width:100px!important}@media (max-width:991.98px){#gspb_iconBox-id-gsbp-21d6427 img{height:45px!important;width:45px!important;min-width:45px!important}}@media (max-width:575.98px){#gspb_iconBox-id-gsbp-21d6427 img{height:60px!important;width:60px!important;min-width:60px!important}}#gspb_iconBox-id-gsbp-21d6427 img,#gspb_iconBox-id-gsbp-21d6427 img path{fill:var(--wp--preset--color--palette-color-2, var(--theme-palette-color-2, #24417C))!important}#gspb_iconBox-id-gsbp-21d6427 img{margin:0!important}#gspb_iconBox-id-gsbp-21d6427 .gspb_iconBox__wrapper{margin-right:16px;margin-bottom:0;margin-left:16px;transition:all .2s ease}#gspb_heading-id-gsbp-c475335{font-size:20px}@media (max-width:991.98px){#gspb_heading-id-gsbp-c475335{font-size:18px}}#gspb_heading-id-gsbp-c475335,#gspb_heading-id-gsbp-c475335 .gsap-g-line{text-align:center!important}#gspb_heading-id-gsbp-c475335{margin-top:0;margin-bottom:15px}@media (max-width:991.98px){#gspb_heading-id-gsbp-c475335{margin-top:12px;margin-bottom:12px}}#gspb_heading-id-gsbp-c475335{transition:all .2s ease}#gspb_button-id-gsbp-017e9fc{display:flex;justify-content:center}#gspb_button-id-gsbp-017e9fc .gspb-buttonbox-text{display:flex;flex-direction:column}#gspb_button-id-gsbp-017e9fc>.gspb-buttonbox{box-sizing:border-box}#gspb_button-id-gsbp-017e9fc>.gspb-buttonbox>.gspb-buttonbox-textwrap>.gspb-buttonbox-icon{display:flex}#gspb_button-id-gsbp-017e9fc>.gspb-buttonbox .gspb-buttonbox-icon svg{height:13px!important;width:13px!important;min-width:13px!important;fill:currentColor!important;margin:0!important}#gspb_button-id-gsbp-017e9fc>.gspb-buttonbox .gspb-buttonbox-icon svg path{fill:currentColor!important}#gspb_button-id-gsbp-017e9fc>.gspb-buttonbox>.gspb-buttonbox-textwrap{display:flex;flex-direction:row;align-items:center}#gspb_button-id-gsbp-017e9fc .gspb-buttonbox-icon{margin-left:13px}#gspb_button-id-gsbp-017e9fc>.gspb-buttonbox{margin-top:0;margin-bottom:40px}#gspb_row-id-gsbp-fc7e2d5{justify-content:space-between;display:flex;flex-wrap:wrap;margin-top:0;margin-bottom:66px}#gspb_row-id-gsbp-fc7e2d5>.gspb_row__content{display:flex;justify-content:space-between;margin:0 auto;width:100%;flex-wrap:wrap;row-gap:40px}@media (max-width:991.98px){#gspb_row-id-gsbp-fc7e2d5>.gspb_row__content{row-gap:30px}}body.gspb-bodyfront #gspb_row-id-gsbp-a85dbef>.gspb_row__content,body.gspb-bodyfront #gspb_row-id-gsbp-fc7e2d5>.gspb_row__content{width:var(--theme-container-width, 1200px);max-width:var(--theme-normal-container-max-width, 1200px)}@media (max-width:991.98px){#gspb_row-id-gsbp-fc7e2d5{margin-top:0;margin-bottom:44px}}@media (max-width:575.98px){#gspb_row-id-gsbp-fc7e2d5{margin-top:24px;margin-bottom:44px}}","footnotes":""},"class_list":["post-596","page","type-page","status-publish","hentry"],"blocksy_meta":{"has_hero_section":"disabled","vertical_spacing_source":"custom","content_area_spacing":"none","styles_descriptor":{"styles":{"desktop":"","tablet":"","mobile":""},"google_fonts":[],"version":6}},"_links":{"self":[{"href":"https:\/\/sauguskodas.lt\/lt\/wp-json\/wp\/v2\/pages\/596","targetHints":{"allow":["GET"]}}],"collection":[{"href":"https:\/\/sauguskodas.lt\/lt\/wp-json\/wp\/v2\/pages"}],"about":[{"href":"https:\/\/sauguskodas.lt\/lt\/wp-json\/wp\/v2\/types\/page"}],"author":[{"embeddable":true,"href":"https:\/\/sauguskodas.lt\/lt\/wp-json\/wp\/v2\/users\/1"}],"replies":[{"embeddable":true,"href":"https:\/\/sauguskodas.lt\/lt\/wp-json\/wp\/v2\/comments?post=596"}],"version-history":[{"count":32,"href":"https:\/\/sauguskodas.lt\/lt\/wp-json\/wp\/v2\/pages\/596\/revisions"}],"predecessor-version":[{"id":1046,"href":"https:\/\/sauguskodas.lt\/lt\/wp-json\/wp\/v2\/pages\/596\/revisions\/1046"}],"up":[{"embeddable":true,"href":"https:\/\/sauguskodas.lt\/lt\/wp-json\/wp\/v2\/pages\/10"}],"wp:attachment":[{"href":"https:\/\/sauguskodas.lt\/lt\/wp-json\/wp\/v2\/media?parent=596"}],"curies":[{"name":"wp","href":"https:\/\/api.w.org\/{rel}","templated":true}]}}